{"id":47,"date":"2025-12-24T06:50:43","date_gmt":"2025-12-24T06:50:43","guid":{"rendered":"https:\/\/lumea.bamboopathacademy.website\/?page_id=47"},"modified":"2026-03-20T08:30:22","modified_gmt":"2026-03-20T07:30:22","slug":"reservation","status":"publish","type":"page","link":"https:\/\/restolumea.lu\/en\/reservation\/","title":{"rendered":"Reservation"},"content":{"rendered":"<style>.elementor-47 .elementor-element.elementor-element-b62b060{--display:flex;--flex-direction:column;--container-widget-width:calc( ( 1 - var( --container-widget-flex-grow ) ) * 100% );--container-widget-height:initial;--container-widget-flex-grow:0;--container-widget-align-self:initial;--flex-wrap-mobile:wrap;--align-items:center;--gap:20px 0px;--row-gap:20px;--column-gap:0px;--overlay-opacity:0.98;--padding-top:030px;--padding-bottom:0px;--padding-left:0px;--padding-right:0px;}.elementor-47 .elementor-element.elementor-element-b62b060:not(.elementor-motion-effects-element-type-background), .elementor-47 .elementor-element.elementor-element-b62b060 > .elementor-motion-effects-container > .elementor-motion-effects-layer{background-image:url(\"https:\/\/restolumea.lu\/wp-content\/uploads\/2025\/12\/\u56fe\u72471.png\");background-position:center right;background-repeat:no-repeat;}.elementor-47 .elementor-element.elementor-element-b62b060::before, .elementor-47 .elementor-element.elementor-element-b62b060 > .elementor-background-video-container::before, .elementor-47 .elementor-element.elementor-element-b62b060 > .e-con-inner > .elementor-background-video-container::before, .elementor-47 .elementor-element.elementor-element-b62b060 > .elementor-background-slideshow::before, .elementor-47 .elementor-element.elementor-element-b62b060 > .e-con-inner > .elementor-background-slideshow::before, .elementor-47 .elementor-element.elementor-element-b62b060 > .elementor-motion-effects-container > .elementor-motion-effects-layer::before{--background-overlay:'';background-color:#FFFFFF;}.elementor-47 .elementor-element.elementor-element-5d44082{--display:flex;--flex-direction:row;--container-widget-width:initial;--container-widget-height:100%;--container-widget-flex-grow:1;--container-widget-align-self:stretch;--flex-wrap-mobile:wrap;--justify-content:flex-end;--gap:0px 0px;--row-gap:0px;--column-gap:0px;--padding-top:0px;--padding-bottom:0px;--padding-left:0px;--padding-right:0px;}.elementor-widget-heading .elementor-heading-title{font-family:var( --e-global-typography-primary-font-family ), Sans-serif;font-weight:var( --e-global-typography-primary-font-weight );color:var( --e-global-color-primary );}.elementor-47 .elementor-element.elementor-element-1982c14{text-align:end;width:var( --container-widget-width, 16% );max-width:16%;--container-widget-width:16%;--container-widget-flex-grow:0;}.elementor-47 .elementor-element.elementor-element-1982c14 .elementor-heading-title{font-family:\"Roboto\", Sans-serif;font-size:25px;font-weight:400;color:#865C2A;}.elementor-47 .elementor-element.elementor-element-1982c14 .elementor-heading-title a:hover, .elementor-47 .elementor-element.elementor-element-1982c14 .elementor-heading-title a:focus{color:#000000;}.elementor-widget-image .widget-image-caption{color:var( --e-global-color-text );font-family:var( --e-global-typography-text-font-family ), Sans-serif;font-weight:var( --e-global-typography-text-font-weight );}.elementor-47 .elementor-element.elementor-element-19fff35{text-align:center;margin:0px 0px calc(var(--kit-widget-spacing, 0px) + 15px) 0px;padding:0px 0px 0px 0px;width:var( --container-widget-width, 114px );max-width:114px;--container-widget-width:114px;--container-widget-flex-grow:0;}.elementor-47 .elementor-element.elementor-element-19fff35 img{width:100%;max-width:100%;}.elementor-47 .elementor-element.elementor-element-19fff35.elementor-element{--align-self:center;--flex-grow:0;--flex-shrink:0;}.elementor-47 .elementor-element.elementor-element-d7deaf5{text-align:center;}.elementor-47 .elementor-element.elementor-element-d7deaf5 .elementor-heading-title{font-family:\"Roboto\", Sans-serif;font-size:25px;font-weight:400;color:#865C2A;}.elementor-47 .elementor-element.elementor-element-34f8b6d > .elementor-widget-container{padding:20px 50px 20px 50px;border-radius:8px 8px 8px 8px;box-shadow:0px 0px 1px 0px rgba(0,0,0,0.5);}.elementor-47 .elementor-element.elementor-element-34f8b6d{width:100%;max-width:100%;}:root{--page-title-display:none;}@media(max-width:767px){.elementor-47 .elementor-element.elementor-element-b62b060{--padding-top:20px;--padding-bottom:20px;--padding-left:20px;--padding-right:20px;}.elementor-47 .elementor-element.elementor-element-5d44082{--padding-top:0px;--padding-bottom:0px;--padding-left:0px;--padding-right:0px;}.elementor-47 .elementor-element.elementor-element-34f8b6d > .elementor-widget-container{padding:5px 20px 10px 20px;}}@media(min-width:768px){.elementor-47 .elementor-element.elementor-element-b62b060{--content-width:714px;}.elementor-47 .elementor-element.elementor-element-5d44082{--width:86%;}}<\/style>\t\t<div data-elementor-type=\"wp-page\" data-elementor-id=\"47\" class=\"elementor elementor-47\" data-elementor-post-type=\"page\">\n\t\t\t\t<div class=\"elementor-element elementor-element-b62b060 e-flex e-con-boxed e-con e-parent\" data-id=\"b62b060\" data-element_type=\"container\" data-e-type=\"container\" data-settings=\"{&quot;background_background&quot;:&quot;classic&quot;}\">\n\t\t\t\t\t<div class=\"e-con-inner\">\n\t\t<div class=\"elementor-element elementor-element-5d44082 e-con-full elementor-hidden-desktop elementor-hidden-tablet elementor-hidden-mobile e-flex e-con e-child\" data-id=\"5d44082\" data-element_type=\"container\" data-e-type=\"container\">\n\t\t\t\t<div class=\"elementor-element elementor-element-1982c14 elementor-widget__width-initial elementor-widget elementor-widget-heading\" data-id=\"1982c14\" data-element_type=\"widget\" data-e-type=\"widget\" data-widget_type=\"heading.default\">\n\t\t\t\t\t<h2 class=\"elementor-heading-title elementor-size-default\"><a href=\"\/en\/product-category\/recipes\/\">\u00d7  Retour<\/a><\/h2>\t\t\t\t<\/div>\n\t\t\t\t<\/div>\n\t\t\t\t<div class=\"elementor-element elementor-element-19fff35 elementor-widget__width-initial elementor-widget elementor-widget-image\" data-id=\"19fff35\" data-element_type=\"widget\" data-e-type=\"widget\" data-widget_type=\"image.default\">\n\t\t\t\t\t\t\t\t\t\t\t\t\t\t\t<img fetchpriority=\"high\" decoding=\"async\" width=\"961\" height=\"568\" src=\"https:\/\/restolumea.lu\/wp-content\/uploads\/2025\/12\/2\u5fae\u4fe1\u622a\u56fe_20251216160746.png\" class=\"attachment-full size-full wp-image-31\" alt=\"\" srcset=\"https:\/\/restolumea.lu\/wp-content\/uploads\/2025\/12\/2\u5fae\u4fe1\u622a\u56fe_20251216160746.png 961w, https:\/\/restolumea.lu\/wp-content\/uploads\/2025\/12\/2\u5fae\u4fe1\u622a\u56fe_20251216160746-300x177.png 300w, https:\/\/restolumea.lu\/wp-content\/uploads\/2025\/12\/2\u5fae\u4fe1\u622a\u56fe_20251216160746-768x454.png 768w, https:\/\/restolumea.lu\/wp-content\/uploads\/2025\/12\/2\u5fae\u4fe1\u622a\u56fe_20251216160746-600x355.png 600w\" sizes=\"(max-width: 961px) 100vw, 961px\" \/>\t\t\t\t\t\t\t\t\t\t\t\t\t\t\t<\/div>\n\t\t\t\t<div class=\"elementor-element elementor-element-d7deaf5 elementor-widget elementor-widget-heading\" data-id=\"d7deaf5\" data-element_type=\"widget\" data-e-type=\"widget\" data-widget_type=\"heading.default\">\n\t\t\t\t\t<h2 class=\"elementor-heading-title elementor-size-default\">R\u00e9server une table<\/h2>\t\t\t\t<\/div>\n\t\t\t\t<div class=\"elementor-element elementor-element-4d9f655 elementor-hidden-desktop elementor-hidden-tablet elementor-hidden-mobile elementor-widget elementor-widget-shortcode\" data-id=\"4d9f655\" data-element_type=\"widget\" data-e-type=\"widget\" data-widget_type=\"shortcode.default\">\n\t\t\t\t\t\t\t<div class=\"elementor-shortcode\">[wpc_reservation_form date_selector=\"date_picker\" reservation_style=\"style-2\" form_display_type=\"wizard\"]<\/div>\n\t\t\t\t\t\t<\/div>\n\t\t\t\t<div class=\"elementor-element elementor-element-34f8b6d elementor-widget__width-inherit elementor-widget elementor-widget-wpforms\" data-id=\"34f8b6d\" data-element_type=\"widget\" data-e-type=\"widget\" data-widget_type=\"wpforms.default\">\n\t\t\t\t<div class=\"elementor-widget-container\">\n\t\t\t\t\t<style id=\"wpforms-css-vars-root\">\n\t\t\t\t:root {\n\t\t\t\t\t--wpforms-field-border-radius: 3px;\n--wpforms-field-border-style: solid;\n--wpforms-field-border-size: 1px;\n--wpforms-field-background-color: #ffffff;\n--wpforms-field-border-color: rgba( 0, 0, 0, 0.25 );\n--wpforms-field-border-color-spare: rgba( 0, 0, 0, 0.25 );\n--wpforms-field-text-color: rgba( 0, 0, 0, 0.7 );\n--wpforms-field-menu-color: #ffffff;\n--wpforms-label-color: rgba( 0, 0, 0, 0.85 );\n--wpforms-label-sublabel-color: rgba( 0, 0, 0, 0.55 );\n--wpforms-label-error-color: #d63637;\n--wpforms-button-border-radius: 3px;\n--wpforms-button-border-style: none;\n--wpforms-button-border-size: 1px;\n--wpforms-button-background-color: #066aab;\n--wpforms-button-border-color: #066aab;\n--wpforms-button-text-color: #ffffff;\n--wpforms-page-break-color: #066aab;\n--wpforms-background-image: none;\n--wpforms-background-position: center center;\n--wpforms-background-repeat: no-repeat;\n--wpforms-background-size: cover;\n--wpforms-background-width: 100px;\n--wpforms-background-height: 100px;\n--wpforms-background-color: rgba( 0, 0, 0, 0 );\n--wpforms-background-url: none;\n--wpforms-container-padding: 0px;\n--wpforms-container-border-style: none;\n--wpforms-container-border-width: 1px;\n--wpforms-container-border-color: #000000;\n--wpforms-container-border-radius: 3px;\n--wpforms-field-size-input-height: 43px;\n--wpforms-field-size-input-spacing: 15px;\n--wpforms-field-size-font-size: 16px;\n--wpforms-field-size-line-height: 19px;\n--wpforms-field-size-padding-h: 14px;\n--wpforms-field-size-checkbox-size: 16px;\n--wpforms-field-size-sublabel-spacing: 5px;\n--wpforms-field-size-icon-size: 1;\n--wpforms-label-size-font-size: 16px;\n--wpforms-label-size-line-height: 19px;\n--wpforms-label-size-sublabel-font-size: 14px;\n--wpforms-label-size-sublabel-line-height: 17px;\n--wpforms-button-size-font-size: 17px;\n--wpforms-button-size-height: 41px;\n--wpforms-button-size-padding-h: 15px;\n--wpforms-button-size-margin-top: 10px;\n--wpforms-container-shadow-size-box-shadow: none;\n\n\t\t\t\t}\n\t\t\t<\/style><style id=\"wpforms-css-vars-elementor-widget-34f8b6d\">\n\t\t\t\t.elementor-widget-wpforms.elementor-element-34f8b6d {\n\t\t\t\t\t--wpforms-button-background-color: #865C2A;\n--wpforms-button-text-color: #FFFFFF;\n--wpforms-field-size-input-height: 43px;\n--wpforms-field-size-input-spacing: 15px;\n--wpforms-field-size-font-size: 16px;\n--wpforms-field-size-line-height: 19px;\n--wpforms-field-size-padding-h: 14px;\n--wpforms-field-size-checkbox-size: 16px;\n--wpforms-field-size-sublabel-spacing: 5px;\n--wpforms-field-size-icon-size: 1;\n--wpforms-label-size-font-size: 16px;\n--wpforms-label-size-line-height: 19px;\n--wpforms-label-size-sublabel-font-size: 14px;\n--wpforms-label-size-sublabel-line-height: 17px;\n--wpforms-button-size-font-size: 17px;\n--wpforms-button-size-height: 41px;\n--wpforms-button-size-padding-h: 15px;\n--wpforms-button-size-margin-top: 10px;\n\n\t\t\t\t}\n\t\t\t<\/style><div class=\"wpforms-container wpforms-container-full wpforms-render-modern\" id=\"wpforms-916\"><form id=\"wpforms-form-916\" class=\"wpforms-validate wpforms-form wpforms-ajax-form\" data-formid=\"916\" method=\"post\" enctype=\"multipart\/form-data\" action=\"\/en\/wp-json\/wp\/v2\/pages\/47\" data-token=\"f25819731474b0268323ef6d9281dc08\" data-token-time=\"1776202650\" data-trp-original-action=\"\/en\/wp-json\/wp\/v2\/pages\/47\"><noscript class=\"wpforms-error-noscript\">Please enable JavaScript in your browser to complete this form.<\/noscript><div class=\"wpforms-hidden\" id=\"wpforms-error-noscript\">Please enable JavaScript in your browser to complete this form.<\/div><div class=\"wpforms-field-container\"><div id=\"wpforms-916-field_18-container\" class=\"wpforms-field wpforms-field-layout\" data-field-id=\"18\"><div class=\"wpforms-field-layout-rows wpforms-field-large\"><div class=\"wpforms-layout-row\"><div class=\"wpforms-layout-column wpforms-layout-column-50\"><div id=\"wpforms-916-field_19-container\" class=\"wpforms-field wpforms-field-date-time\" data-field-id=\"19\"><label class=\"wpforms-field-label\" for=\"wpforms-916-field_19\">Date <span class=\"wpforms-required-label\" aria-hidden=\"true\">*<\/span><\/label><div class=\"wpforms-datepicker-wrap\"><input type=\"text\" id=\"wpforms-916-field_19\" class=\"wpforms-field-date-time-date wpforms-datepicker wpforms-field-required wpforms-field-medium\" data-date-format=\"m\/d\/Y\" data-disable-past-dates=\"0\" data-input=\"true\" name=\"wpforms[fields][19][date]\" aria-errormessage=\"wpforms-916-field_19-error\" required><a title=\"Clear Date\" data-clear class=\"wpforms-datepicker-clear\" style=\"display:none;\"><\/a><\/div><\/div><\/div><div class=\"wpforms-layout-column wpforms-layout-column-50\"><div id=\"wpforms-916-field_20-container\" class=\"wpforms-field wpforms-field-date-time\" data-field-id=\"20\"><label class=\"wpforms-field-label\" for=\"wpforms-916-field_20-time\">A quelle heure ? <span class=\"wpforms-required-label\" aria-hidden=\"true\">*<\/span><\/label><input type=\"text\" id=\"wpforms-916-field_20-time\" class=\"wpforms-field-date-time-time wpforms-timepicker wpforms-field-required wpforms-field-medium\" data-time-format=\"g:i A\" data-step=\"30\" data-rule-time12h=\"true\" name=\"wpforms[fields][20][time]\" aria-errormessage=\"wpforms-916-field_20-time-error\" required><\/div><\/div><\/div><div class=\"wpforms-layout-row\"><div class=\"wpforms-layout-column wpforms-layout-column-50\"><div id=\"wpforms-916-field_21-container\" class=\"wpforms-field wpforms-field-name\" data-field-id=\"21\"><label class=\"wpforms-field-label\" for=\"wpforms-916-field_21\">Votre nom <span class=\"wpforms-required-label\" aria-hidden=\"true\">*<\/span><\/label><input type=\"text\" id=\"wpforms-916-field_21\" class=\"wpforms-field-medium wpforms-field-required\" name=\"wpforms[fields][21]\" aria-errormessage=\"wpforms-916-field_21-error\" required><\/div><\/div><div class=\"wpforms-layout-column wpforms-layout-column-50\"><div id=\"wpforms-916-field_22-container\" class=\"wpforms-field wpforms-field-email\" data-field-id=\"22\"><label class=\"wpforms-field-label\" for=\"wpforms-916-field_22\">Votre email<\/label><input type=\"email\" id=\"wpforms-916-field_22\" class=\"wpforms-field-medium\" name=\"wpforms[fields][22]\" spellcheck=\"false\" aria-errormessage=\"wpforms-916-field_22-error\" ><\/div><\/div><\/div><\/div><\/div><div id=\"wpforms-916-field_26-container\" class=\"wpforms-field wpforms-field-number\" data-field-id=\"26\"><label class=\"wpforms-field-label\" for=\"wpforms-916-field_26\">Combien de personnes ? <span class=\"wpforms-required-label\" aria-hidden=\"true\">*<\/span><\/label><input type=\"number\" id=\"wpforms-916-field_26\" class=\"wpforms-field-large wpforms-field-required\" name=\"wpforms[fields][26]\" aria-errormessage=\"wpforms-916-field_26-error\" required><\/div><div id=\"wpforms-916-field_23-container\" class=\"wpforms-field wpforms-field-phone\" data-field-id=\"23\"><label class=\"wpforms-field-label\" for=\"wpforms-916-field_23\">Votre num\u00e9ro de t\u00e9l\u00e9phone ? <span class=\"wpforms-required-label\" aria-hidden=\"true\">*<\/span><\/label><input type=\"tel\" id=\"wpforms-916-field_23\" class=\"wpforms-field-large wpforms-field-required wpforms-smart-phone-field\" data-rule-smart-phone-field=\"true\" name=\"wpforms[fields][23]\" aria-label=\"Votre num\u00e9ro de t\u00e9l\u00e9phone ?\" aria-errormessage=\"wpforms-916-field_23-error\" required><\/div><div id=\"wpforms-916-field_7-container\" class=\"wpforms-field wpforms-field-textarea\" data-field-id=\"7\"><label class=\"wpforms-field-label\" for=\"wpforms-916-field_7\">Remarques<\/label><textarea id=\"wpforms-916-field_7\" class=\"wpforms-field-medium\" name=\"wpforms[fields][7]\" aria-errormessage=\"wpforms-916-field_7-error\" ><\/textarea><\/div><\/div><!-- .wpforms-field-container --><div class=\"wpforms-submit-container\" ><input type=\"hidden\" name=\"wpforms[id]\" value=\"916\"><input type=\"hidden\" name=\"page_title\" value=\"\"><input type=\"hidden\" name=\"page_url\" value=\"https:\/\/restolumea.lu\/en\/wp-json\/wp\/v2\/pages\/47\"><button type=\"submit\" name=\"wpforms[submit]\" id=\"wpforms-submit-916\" class=\"wpforms-submit\" data-alt-text=\"Envoi en cours\u2026\" data-submit-text=\"Envoyer\" aria-live=\"assertive\" value=\"wpforms-submit\">Envoyer<\/button><img decoding=\"async\" src=\"https:\/\/restolumea.lu\/wp-content\/plugins\/wpforms\/assets\/images\/submit-spin.svg\" class=\"wpforms-submit-spinner\" style=\"display: none;\" width=\"26\" height=\"26\" alt=\"Loading\"><\/div><input type=\"hidden\" name=\"trp-form-language\" value=\"en\"\/><\/form><\/div>  <!-- .wpforms-container -->\t\t\t\t<\/div>\n\t\t\t\t<\/div>\n\t\t\t\t\t<\/div>\n\t\t\t\t<\/div>\n\t\t\t\t<\/div>","protected":false},"excerpt":{"rendered":"<p>\u00d7 Retour R\u00e9server une table [wpc_reservation_form date_selector=&#8221;date_picker&#8221; reservation_style=&#8221;style-2&#8243; form_display_type=&#8221;wizard&#8221;] \u8bf7\u5728\u6d4f\u89c8\u5668\u4e2d\u542f\u7528JavaScript\u6765\u5b8c\u6210\u6b64\u8868\u5355\u3002\u8bf7\u5728\u6d4f\u89c8\u5668\u4e2d\u542f\u7528JavaScript\u6765\u5b8c\u6210\u6b64\u8868\u5355\u3002Date *From when? *Your Name *Your EmailHow can we contact you? *Additional Information Submit<\/p>","protected":false},"author":1,"featured_media":0,"parent":0,"menu_order":0,"comment_status":"closed","ping_status":"closed","template":"","meta":{"footnotes":""},"class_list":["post-47","page","type-page","status-publish","hentry"],"_links":{"self":[{"href":"https:\/\/restolumea.lu\/en\/wp-json\/wp\/v2\/pages\/47","targetHints":{"allow":["GET"]}}],"collection":[{"href":"https:\/\/restolumea.lu\/en\/wp-json\/wp\/v2\/pages"}],"about":[{"href":"https:\/\/restolumea.lu\/en\/wp-json\/wp\/v2\/types\/page"}],"author":[{"embeddable":true,"href":"https:\/\/restolumea.lu\/en\/wp-json\/wp\/v2\/users\/1"}],"replies":[{"embeddable":true,"href":"https:\/\/restolumea.lu\/en\/wp-json\/wp\/v2\/comments?post=47"}],"version-history":[{"count":145,"href":"https:\/\/restolumea.lu\/en\/wp-json\/wp\/v2\/pages\/47\/revisions"}],"predecessor-version":[{"id":1330,"href":"https:\/\/restolumea.lu\/en\/wp-json\/wp\/v2\/pages\/47\/revisions\/1330"}],"wp:attachment":[{"href":"https:\/\/restolumea.lu\/en\/wp-json\/wp\/v2\/media?parent=47"}],"curies":[{"name":"wp","href":"https:\/\/api.w.org\/{rel}","templated":true}]}}